{"id":52,"date":"2025-07-02T22:44:03","date_gmt":"2025-07-02T22:44:03","guid":{"rendered":"https:\/\/polydebat.polymtl.ca\/?page_id=52"},"modified":"2026-02-26T20:04:47","modified_gmt":"2026-02-26T20:04:47","slug":"partenaire","status":"publish","type":"page","link":"https:\/\/polydebat.polymtl.ca\/?page_id=52","title":{"rendered":"Partenaire"},"content":{"rendered":"\n<div class=\"wp-block-group is-nowrap is-layout-flex wp-container-core-group-layout-3 wp-block-group-is-layout-flex\">\n<div class=\"wp-block-group is-nowrap is-layout-flex wp-container-core-group-layout-2 wp-block-group-is-layout-flex\">\n<div class=\"wp-block-group is-vertical is-layout-flex wp-container-core-group-layout-1 wp-block-group-is-layout-flex\">\n<figure class=\"wp-block-image size-large is-resized\"><img loading=\"lazy\" decoding=\"async\" width=\"1024\" height=\"614\" src=\"https:\/\/polydebat.polymtl.ca\/wp-content\/uploads\/2025\/07\/LiDUC-officiel-1024x614.png\" alt=\"\" class=\"wp-image-55\" style=\"width:119px;height:auto\" srcset=\"https:\/\/polydebat.polymtl.ca\/wp-content\/uploads\/2025\/07\/LiDUC-officiel-1024x614.png 1024w, https:\/\/polydebat.polymtl.ca\/wp-content\/uploads\/2025\/07\/LiDUC-officiel-300x180.png 300w, https:\/\/polydebat.polymtl.ca\/wp-content\/uploads\/2025\/07\/LiDUC-officiel-768x461.png 768w, https:\/\/polydebat.polymtl.ca\/wp-content\/uploads\/2025\/07\/LiDUC-officiel-1536x921.png 1536w, https:\/\/polydebat.polymtl.ca\/wp-content\/uploads\/2025\/07\/LiDUC-officiel-2048x1229.png 2048w\" sizes=\"(max-width: 1024px) 100vw, 1024px\" \/><\/figure>\n<\/div>\n\n\n\n<p>Ligue de d\u00e9bat universitaire et coll\u00e9giale<\/p>\n\n\n\n<p><a href=\"https:\/\/www.liduc.org\/accueil\">LiDUC<\/a><\/p>\n<\/div>\n<\/div>\n\n\n\n<div class=\"wp-block-group is-nowrap is-layout-flex wp-container-core-group-layout-4 wp-block-group-is-layout-flex\">\n<figure class=\"wp-block-image size-full is-resized\"><img loading=\"lazy\" decoding=\"async\" width=\"480\" height=\"480\" src=\"https:\/\/polydebat.polymtl.ca\/wp-content\/uploads\/2025\/07\/328581794_701359928442467_6591055150599914814_n.jpg\" alt=\"\" class=\"wp-image-139\" style=\"width:73px;height:auto\" srcset=\"https:\/\/polydebat.polymtl.ca\/wp-content\/uploads\/2025\/07\/328581794_701359928442467_6591055150599914814_n.jpg 480w, https:\/\/polydebat.polymtl.ca\/wp-content\/uploads\/2025\/07\/328581794_701359928442467_6591055150599914814_n-300x300.jpg 300w, https:\/\/polydebat.polymtl.ca\/wp-content\/uploads\/2025\/07\/328581794_701359928442467_6591055150599914814_n-150x150.jpg 150w\" sizes=\"(max-width: 480px) 100vw, 480px\" \/><\/figure>\n\n\n\n<p>          Qu\u00e9bec Model United Nations (QMUN). <\/p>\n\n\n\n<ul class=\"wp-block-social-links is-layout-flex wp-block-social-links-is-layout-flex\"><li class=\"wp-social-link wp-social-link-facebook  wp-block-social-link\"><a href=\"https:\/\/www.facebook.com\/profile.php?id=100077520153242&#038;locale=fr_FR\" class=\"wp-block-social-link-anchor\"><svg width=\"24\" height=\"24\" viewBox=\"0 0 24 24\" version=\"1.1\" xmlns=\"http:\/\/www.w3.org\/2000\/svg\" aria-hidden=\"true\" focusable=\"false\"><path d=\"M12 2C6.5 2 2 6.5 2 12c0 5 3.7 9.1 8.4 9.9v-7H7.9V12h2.5V9.8c0-2.5 1.5-3.9 3.8-3.9 1.1 0 2.2.2 2.2.2v2.5h-1.3c-1.2 0-1.6.8-1.6 1.6V12h2.8l-.4 2.9h-2.3v7C18.3 21.1 22 17 22 12c0-5.5-4.5-10-10-10z\"><\/path><\/svg><span class=\"wp-block-social-link-label screen-reader-text\">Facebook<\/span><\/a><\/li><\/ul>\n<\/div>\n","protected":false},"excerpt":{"rendered":"<p>Ligue de d\u00e9bat universitaire et coll\u00e9giale LiDUC Qu\u00e9bec Model United Nations (QMUN).<\/p>\n","protected":false},"author":1,"featured_media":0,"parent":0,"menu_order":0,"comment_status":"closed","ping_status":"closed","template":"","meta":{"footnotes":""},"_links":{"self":[{"href":"https:\/\/polydebat.polymtl.ca\/index.php?rest_route=\/wp\/v2\/pages\/52"}],"collection":[{"href":"https:\/\/polydebat.polymtl.ca\/index.php?rest_route=\/wp\/v2\/pages"}],"about":[{"href":"https:\/\/polydebat.polymtl.ca\/index.php?rest_route=\/wp\/v2\/types\/page"}],"author":[{"embeddable":true,"href":"https:\/\/polydebat.polymtl.ca\/index.php?rest_route=\/wp\/v2\/users\/1"}],"replies":[{"embeddable":true,"href":"https:\/\/polydebat.polymtl.ca\/index.php?rest_route=%2Fwp%2Fv2%2Fcomments&post=52"}],"version-history":[{"count":6,"href":"https:\/\/polydebat.polymtl.ca\/index.php?rest_route=\/wp\/v2\/pages\/52\/revisions"}],"predecessor-version":[{"id":1384,"href":"https:\/\/polydebat.polymtl.ca\/index.php?rest_route=\/wp\/v2\/pages\/52\/revisions\/1384"}],"wp:attachment":[{"href":"https:\/\/polydebat.polymtl.ca\/index.php?rest_route=%2Fwp%2Fv2%2Fmedia&parent=52"}],"curies":[{"name":"wp","href":"https:\/\/api.w.org\/{rel}","templated":true}]}}