{"id":31,"date":"2025-07-02T21:13:07","date_gmt":"2025-07-02T21:13:07","guid":{"rendered":"https:\/\/polydebat.polymtl.ca\/?page_id=31"},"modified":"2026-02-22T23:31:05","modified_gmt":"2026-02-22T23:31:05","slug":"notre-equipe","status":"publish","type":"page","link":"https:\/\/polydebat.polymtl.ca\/?page_id=31","title":{"rendered":"Formation de d\u00e9bat"},"content":{"rendered":"\n<p>Ce site pr\u00e9sente le <strong>d\u00e9bat parlementaire canadien<\/strong>, format utilis\u00e9 par la <strong>LiDUC<\/strong> (Ligue de d\u00e9bat universitaire et coll\u00e9giale). Il s\u2019agit d\u2019un style parmi d\u2019autres, chacun ayant ses propres r\u00e8gles et objectifs.<\/p>\n\n\n\n<div class=\"wp-block-group alignwide has-global-padding is-layout-constrained wp-block-group-is-layout-constrained\">\n<figure class=\"wp-block-embed is-type-video is-provider-youtube wp-block-embed-youtube wp-embed-aspect-4-3 wp-has-aspect-ratio\"><div class=\"wp-block-embed__wrapper\">\n<iframe loading=\"lazy\" title=\"Introduction g\u00e9n\u00e9rale au d\u00e9bat et au jugement lors des tournois\" width=\"500\" height=\"375\" src=\"https:\/\/www.youtube.com\/embed\/y2Q0vxV0wBA?feature=oembed\" frameborder=\"0\" allow=\"accelerometer; autoplay; clipboard-write; encrypted-media; gyroscope; picture-in-picture; web-share\" referrerpolicy=\"strict-origin-when-cross-origin\" allowfullscreen><\/iframe>\n<\/div><\/figure>\n<\/div>\n\n\n\n<p><a href=\"https:\/\/www.liduc.org\/formations\">https:\/\/www.liduc.org\/formations<\/a><\/p>\n\n\n\n<p class=\"has-text-align-center\"><br>Cette vid\u00e9o suffit pour participer au tournoi. Les documents suivants peuvent servir de rappel ou \u00eatre utilis\u00e9s pour \u00e9laborer davantage. Nous pouvons organiser une formation plus d\u00e9taill\u00e9e sur demande.<br><\/p>\n\n\n\n<div data-wp-interactive=\"\" class=\"wp-block-file\"><object data-wp-bind--hidden=\"!selectors.core.file.hasPdfPreview\" hidden class=\"wp-block-file__embed\" data=\"https:\/\/polydebat.polymtl.ca\/wp-content\/uploads\/2025\/09\/Deroulement-du-debat.pdf\" type=\"application\/pdf\" style=\"width:100%;height:600px\" aria-label=\"Contenu incorpor\u00e9 Deroulement-du-debat.\"><\/object><a id=\"wp-block-file--media-025dbfc1-9381-447e-889d-cc4fa5c570e1\" href=\"https:\/\/polydebat.polymtl.ca\/wp-content\/uploads\/2025\/09\/Deroulement-du-debat.pdf\">Deroulement-du-debat<\/a><a href=\"https:\/\/polydebat.polymtl.ca\/wp-content\/uploads\/2025\/09\/Deroulement-du-debat.pdf\" class=\"wp-block-file__button wp-element-button\" download aria-describedby=\"wp-block-file--media-025dbfc1-9381-447e-889d-cc4fa5c570e1\">T\u00e9l\u00e9charger<\/a><\/div>\n\n\n\n<div data-wp-interactive=\"\" class=\"wp-block-file\"><object data-wp-bind--hidden=\"!selectors.core.file.hasPdfPreview\" hidden class=\"wp-block-file__embed\" data=\"https:\/\/polydebat.polymtl.ca\/wp-content\/uploads\/2026\/02\/Formation-de-debat.pdf\" type=\"application\/pdf\" style=\"width:100%;height:600px\" aria-label=\"Contenu incorpor\u00e9 Formation-de-debat.\"><\/object><a id=\"wp-block-file--media-9bcf95dc-7472-4f04-87b7-83a21203e244\" href=\"https:\/\/polydebat.polymtl.ca\/wp-content\/uploads\/2026\/02\/Formation-de-debat.pdf\">Formation-de-debat<\/a><a href=\"https:\/\/polydebat.polymtl.ca\/wp-content\/uploads\/2026\/02\/Formation-de-debat.pdf\" class=\"wp-block-file__button wp-element-button\" download aria-describedby=\"wp-block-file--media-9bcf95dc-7472-4f04-87b7-83a21203e244\">T\u00e9l\u00e9charger<\/a><\/div>\n","protected":false},"excerpt":{"rendered":"<p>Ce site pr\u00e9sente le d\u00e9bat parlementaire canadien, format utilis\u00e9 par la LiDUC (Ligue de d\u00e9bat universitaire et coll\u00e9giale). Il s\u2019agit d\u2019un style parmi d\u2019autres, chacun ayant ses propres r\u00e8gles et objectifs. https:\/\/www.liduc.org\/formations Cette vid\u00e9o suffit pour participer au tournoi. Les documents suivants peuvent servir de rappel ou \u00eatre utilis\u00e9s pour \u00e9laborer davantage. Nous pouvons organiser [&hellip;]<\/p>\n","protected":false},"author":1,"featured_media":0,"parent":0,"menu_order":0,"comment_status":"closed","ping_status":"closed","template":"","meta":{"footnotes":""},"_links":{"self":[{"href":"https:\/\/polydebat.polymtl.ca\/index.php?rest_route=\/wp\/v2\/pages\/31"}],"collection":[{"href":"https:\/\/polydebat.polymtl.ca\/index.php?rest_route=\/wp\/v2\/pages"}],"about":[{"href":"https:\/\/polydebat.polymtl.ca\/index.php?rest_route=\/wp\/v2\/types\/page"}],"author":[{"embeddable":true,"href":"https:\/\/polydebat.polymtl.ca\/index.php?rest_route=\/wp\/v2\/users\/1"}],"replies":[{"embeddable":true,"href":"https:\/\/polydebat.polymtl.ca\/index.php?rest_route=%2Fwp%2Fv2%2Fcomments&post=31"}],"version-history":[{"count":6,"href":"https:\/\/polydebat.polymtl.ca\/index.php?rest_route=\/wp\/v2\/pages\/31\/revisions"}],"predecessor-version":[{"id":1374,"href":"https:\/\/polydebat.polymtl.ca\/index.php?rest_route=\/wp\/v2\/pages\/31\/revisions\/1374"}],"wp:attachment":[{"href":"https:\/\/polydebat.polymtl.ca\/index.php?rest_route=%2Fwp%2Fv2%2Fmedia&parent=31"}],"curies":[{"name":"wp","href":"https:\/\/api.w.org\/{rel}","templated":true}]}}